{"id":1862,"date":"2024-01-30T11:29:33","date_gmt":"2024-01-30T11:29:33","guid":{"rendered":"https:\/\/warped-development.com\/balkan-cinema\/"},"modified":"2024-11-05T08:58:32","modified_gmt":"2024-11-05T08:58:32","slug":"bioskop-balkan","status":"publish","type":"page","link":"https:\/\/warped-development.com\/en\/bioskop-balkan\/","title":{"rendered":"Bioskop Balkan"},"content":{"rendered":"\n<p>Bioskop Balkan is located in the heart of Belgrade, at Bra\u0107e Jugovi\u0107a Street 16. As a building where important events for the history and culture of Belgrade and Serbia took place, the Balkan Cinema building is a testimony of the cultural, urban and architectural development of Belgrade during the second half of the <span style=\"color:#ed1c25;\">19th century<\/span>. Although the designer of the building is not known, the fact is that the building was built on the foundations of an old building, which according to assumptions was a Turkish inn.<\/p>\n\n\n\n<p><br>It begins its history as the Bulevar inn, which was started to be built by \u0110or\u0111e Pashona, a producer of alcoholic beverages <span style=\"color:#ed1c25;\">(1867-1875)<\/span>. However, when he ran out of money, he sought a loan from Vangelo Toma, a well-known tobacconist. Pashona failed to repay the loan, so in 1900 he sold the entire property to Van\u0111el Toma.   <\/p>\n\n\n\n<div style=\"height:30px\" aria-hidden=\"true\" class=\"wp-block-spacer\"><\/div>\n\n\n\n<div class=\"wp-block-columns is-layout-flex wp-container-core-columns-is-layout-9d6595d7 wp-block-columns-is-layout-flex\">\n<div class=\"wp-block-column is-layout-flow wp-block-column-is-layout-flow\">\n<h2 class=\"wp-block-heading\">History of Bioskop Balkan building<\/h2>\n\n\n\n<div style=\"height:30px\" aria-hidden=\"true\" class=\"wp-block-spacer\"><\/div>\n\n\n\n<p>The representative, academically designed building consists of three separate units between today&#8217;s Makedonska, Bra\u0107a Jugovi\u0107a and Despota Stefana streets, to which a part of the building was later added, on the ground floor of which there was a large hall for dances and weddings. After that, the inn becomes a representative high-category Bulevar hotel. At the end of the <span style=\"color:#ed1c25;\">19th century<\/span>, Austrian and Czech music bands were guests in that hall, decorated with sumptuous chandeliers, large mirrors and lanterns. Daily press regularly wrote about Bulevar. Correspondent of the English newspaper &#8220;Daily Express&#8221; H. Vivien, shows the hotel as a Belgrade musical hall <span style=\"color:#ed1c25;\">(1896).<\/span>     <\/p>\n\n\n\n<p>In <span style=\"color:#ed1c25;\">1899<\/span>, the first film screening was held in that hall, as well as a film about the wedding of the royal couple, Aleksandar Obrenovi\u0107 and Draga Ma\u0161in. <\/p>\n\n\n\n<p><br>The first performances of the Orfum theater, the first Serbian vaudeville comedy-satirical company, whose founder was Brana Cvetkovi\u0107, were also performed at the Bulevar Hotel.<\/p>\n\n\n\n<p><br>From <span style=\"color:#ed1c25;\">1909<\/span> to <span style=\"color:#ed1c25;\">1911<\/span>, the Belgrade Opera under the direction of \u017darko Savi\u0107 worked in the building of today&#8217;s Balkan cinema, which is why the entire hotel became known as the Opera. Among the plays, &#8220;The Sold Bride&#8221; (Bed\u017eih Smetana), &#8220;Knez Ivo od Semberija&#8221; (Isidor Baji\u0107) and the operetta &#8220;Barun Trenk&#8221; (Sre\u0107ko Albini) stood out.   <\/p>\n\n\n\n<p><br>A permanent Opera cinema was opened in this place, where cowboy and adventure films were shown.<br> Several historical events are connected to the Balkan cinema. Namely, one of the five conspiratorial groups started from the tavern, when the May coup was carried out. The plaque on this building shows that in the same year the Balkan cinema was also important for the Workers&#8217; Union (&#8220;In this building, the founding congresses of the Serbian Social Democratic Party and the main Workers&#8217; Union were held on August 2, <span style=\"color:#ed1c25;\">1903.<\/span> Congresses were also held there in <span style=\"color:#ed1c25;\">1904 , 1907, 1908, 1909, 1910.<\/span>&#8220;).  <\/p>\n\n\n\n<p><br>In <span style=\"color:#ed1c25;\">1912<\/span>, a permanent cinema began operating in the hotel under the name &#8220;Grand Cinema of the Gomon Family at the Opera Hotel&#8221;. <\/p>\n\n\n\n<p><br>Famous writers Jakov Ignjatovi\u0107 and Antun Gustav Mato\u0161 were guests of this magnificent event.<br> After the First World War, the sound film &#8220;Chronomegaphone Gromon&#8221; was shown for the first time.<br> It received its current name Balkan in <span style=\"color:#ed1c25;\">1928<\/span>, and in <span style=\"color:#ed1c25;\">1984<\/span> the building received the status of a cultural monument. It is protected as a cultural asset, when its purpose is also protected.   <\/p>\n\n\n\n<p><br>Sa\u0161a Marcheta initiated the reconstruction project of the Balkan cinema in <span style=\"color:#ed1c25;\">2017<\/span>. Special attention is focused on restoring the function of the building and adapting its purpose to modern requirements. The cinema hall will be multifunctional and apart from film screenings, it will host other cultural events. The plan is for this multi-purpose space to be a center for film screenings, music concerts, festivals, exhibitions, fashion shows, plays, conferences, round tables and so on.    <\/p>\n<\/div>\n<\/div>\n","protected":false},"excerpt":{"rendered":"<p>Bioskop Balkan is located in the heart of Belgrade, at Bra\u0107e Jugovi\u0107a Street 16. As a building where important events for the history and culture [&hellip;]<\/p>\n","protected":false},"author":1,"featured_media":0,"parent":0,"menu_order":0,"comment_status":"closed","ping_status":"closed","template":"template-cinema.php","meta":{"_acf_changed":false,"inline_featured_image":false,"footnotes":""},"class_list":["post-1862","page","type-page","status-publish","hentry"],"acf":[],"_links":{"self":[{"href":"https:\/\/warped-development.com\/en\/wp-json\/wp\/v2\/pages\/1862","targetHints":{"allow":["GET"]}}],"collection":[{"href":"https:\/\/warped-development.com\/en\/wp-json\/wp\/v2\/pages"}],"about":[{"href":"https:\/\/warped-development.com\/en\/wp-json\/wp\/v2\/types\/page"}],"author":[{"embeddable":true,"href":"https:\/\/warped-development.com\/en\/wp-json\/wp\/v2\/users\/1"}],"replies":[{"embeddable":true,"href":"https:\/\/warped-development.com\/en\/wp-json\/wp\/v2\/comments?post=1862"}],"version-history":[{"count":10,"href":"https:\/\/warped-development.com\/en\/wp-json\/wp\/v2\/pages\/1862\/revisions"}],"predecessor-version":[{"id":2683,"href":"https:\/\/warped-development.com\/en\/wp-json\/wp\/v2\/pages\/1862\/revisions\/2683"}],"wp:attachment":[{"href":"https:\/\/warped-development.com\/en\/wp-json\/wp\/v2\/media?parent=1862"}],"curies":[{"name":"wp","href":"https:\/\/api.w.org\/{rel}","templated":true}]}}